{"id":159,"date":"2024-09-26T12:17:49","date_gmt":"2024-09-26T10:17:49","guid":{"rendered":"https:\/\/demontisart.com\/?page_id=159"},"modified":"2024-12-14T18:07:11","modified_gmt":"2024-12-14T17:07:11","slug":"de-montis-art-impulsion-artisanale-2","status":"publish","type":"page","link":"https:\/\/demontisart.com\/?page_id=159","title":{"rendered":"L&rsquo;\u00e2me des lames"},"content":{"rendered":"\n<div class=\"wp-block-columns is-layout-flex wp-container-core-columns-is-layout-9d6595d7 wp-block-columns-is-layout-flex\">\n<div class=\"wp-block-column is-layout-flow wp-block-column-is-layout-flow\"><\/div>\n<\/div>\n\n\n\n<div class=\"wp-block-columns alignwide are-vertically-aligned-center is-layout-flex wp-container-core-columns-is-layout-9d6595d7 wp-block-columns-is-layout-flex\">\n<div class=\"wp-block-column is-vertically-aligned-center is-layout-flow wp-block-column-is-layout-flow\" style=\"flex-basis:300px\"><div class=\"wp-block-image is-style-rounded\">\n<figure class=\"aligncenter size-medium is-resized\"><img fetchpriority=\"high\" decoding=\"async\" width=\"300\" height=\"212\" src=\"https:\/\/demontisart.com\/wp-content\/uploads\/2024\/10\/COPIE-1-300x212.jpg\" alt=\"\" class=\"wp-image-189\" style=\"width:300px;height:auto\" srcset=\"https:\/\/demontisart.com\/wp-content\/uploads\/2024\/10\/COPIE-1-300x212.jpg 300w, https:\/\/demontisart.com\/wp-content\/uploads\/2024\/10\/COPIE-1-1024x724.jpg 1024w, https:\/\/demontisart.com\/wp-content\/uploads\/2024\/10\/COPIE-1-768x543.jpg 768w, https:\/\/demontisart.com\/wp-content\/uploads\/2024\/10\/COPIE-1-1536x1086.jpg 1536w, https:\/\/demontisart.com\/wp-content\/uploads\/2024\/10\/COPIE-1.jpg 1600w\" sizes=\"(max-width: 300px) 100vw, 300px\" \/><figcaption class=\"wp-element-caption\"><strong>L&rsquo;\u00e2me des Lames<\/strong><\/figcaption><\/figure>\n<\/div><\/div>\n\n\n\n<div class=\"wp-block-column is-vertically-aligned-center is-layout-flow wp-block-column-is-layout-flow\" style=\"flex-basis:600px\">\n<div class=\"wp-block-essential-blocks-shape-divider  root-eb-shape-divider-tzj1l\"><div class=\"eb-parent-wrapper eb-parent-eb-shape-divider-tzj1l \"><div class=\"eb-shape-divider-wrapper eb-shape-divider-tzj1l\"><div class=\"eb-shape-divider eb-shape-divider-top\" data-shape=\"style_1\" data-negative=\"false\"><svg xmlns=\"http:\/\/www.w3.org\/2000\/svg\" fill=\"none\" viewBox=\"0 0 1000 100\" preserveAspectRatio=\"none\"><g clip-path=\"url(#eb-shape-divider-ocean-wave)\"><path class=\"eb-shape-divider-fill\" fill=\"#715AFF\" d=\"M0 97.79S101.82-.97 283.17 5.23c203.09 0 290.46 94.4 716.83 94.4V0H0v97.79Z\"><\/path><\/g><defs><clipPath id=\"eb-shape-divider-ocean-wave\"><path fill=\"#fff\" class=\"eb-shape-divider-fill\" d=\"M0 0h1000v99.62H0z\"><\/path><\/clipPath><\/defs><\/svg><\/div><\/div><\/div><\/div>\n\n\n\n<p class=\"has-black-color has-text-color has-link-color wp-elements-c19ca5da5357d0cc50155de0d10e6eb4\">\u00ab\u00a0Le couteau &#8230;. <\/p>\n\n\n\n<p class=\"has-black-color has-text-color has-link-color wp-elements-b68f83e1ae98960aac152d8179212af6\">Un outil qui, depuis les premiers silex, \u00e0 profond\u00e9ment imprim\u00e9 notre esp\u00e8ce, autant que la roue et le feu. <\/p>\n\n\n\n<p class=\"has-black-color has-text-color has-link-color wp-elements-1b6a7bb3cdac35844a38c755c8da0822\">D&rsquo;un pass\u00e9 militaire, dans des pays \u00e9quatoriaux, africains, jusqu&rsquo;\u00e0 mes trips \u00ab\u00a0vie sauvage\u00a0\u00bb, hors des sentiers battus en France&#8230; J&rsquo;ai forc\u00e9ment eu envie de faire mes propres couteaux. Aujourd&rsquo;hui, plus s\u00e9dentaire, c&rsquo;est ainsi que je con\u00e7ois chacun d&rsquo;eux : \u00e0 l&rsquo;image de son utilisateur.\u00a0\u00bb<\/p>\n\n\n\n<p class=\"has-text-align-right has-black-color has-text-color has-link-color wp-elements-a7efa3be5c4bb5178703e86c69381df9\"><strong><em>PHI &#8211; L&rsquo;\u00e2me des Lames<\/em><\/strong><\/p>\n<\/div>\n\n\n\n<div class=\"wp-block-column is-vertically-aligned-center is-layout-flow wp-block-column-is-layout-flow\" style=\"flex-basis:300px\">\n<div class=\"wp-block-buttons is-horizontal is-content-justification-center is-layout-flex wp-container-core-buttons-is-layout-ddb39544 wp-block-buttons-is-layout-flex\">\n<div class=\"wp-block-button has-custom-width wp-block-button__width-100 has-custom-font-size is-style-outline has-small-font-size is-style-outline--1\"><a class=\"wp-block-button__link has-luminous-vivid-amber-color has-black-background-color has-text-color has-background has-link-color has-text-align-center wp-element-button\" href=\"https:\/\/lame.demontisart.com\/\" style=\"border-radius:100px\"><strong>BOUTIQUE<\/strong><\/a><\/div>\n\n\n\n<div class=\"wp-block-button has-custom-width wp-block-button__width-100 has-custom-font-size is-style-outline has-small-font-size is-style-outline--2\"><a class=\"wp-block-button__link has-luminous-vivid-amber-color has-black-background-color has-text-color has-background has-link-color has-text-align-center wp-element-button\" href=\"https:\/\/demontisart.com\/?page_id=380\" style=\"border-radius:99px\"><strong>GALERIE<\/strong> <\/a><\/div>\n<\/div>\n<\/div>\n<\/div>\n\n\n\n<p><\/p>\n","protected":false},"excerpt":{"rendered":"<p>\u00ab\u00a0Le couteau &#8230;. Un outil qui, depuis les premiers silex, \u00e0 profond\u00e9ment imprim\u00e9 notre esp\u00e8ce, autant que la roue et le feu. D&rsquo;un pass\u00e9 militaire, dans des pays \u00e9quatoriaux, africains, jusqu&rsquo;\u00e0 mes trips \u00ab\u00a0vie sauvage\u00a0\u00bb, hors des sentiers battus en France&#8230; J&rsquo;ai forc\u00e9ment eu envie de faire mes propres couteaux. Aujourd&rsquo;hui, plus s\u00e9dentaire, c&rsquo;est ainsi [&hellip;]<\/p>\n","protected":false},"author":1,"featured_media":0,"parent":0,"menu_order":0,"comment_status":"closed","ping_status":"closed","template":"","meta":{"_eb_attr":"","footnotes":""},"class_list":["post-159","page","type-page","status-publish","hentry"],"yoast_head":"<!-- This site is optimized with the Yoast SEO plugin v27.4 - https:\/\/yoast.com\/product\/yoast-seo-wordpress\/ -->\n<title>L&#039;\u00e2me des lames - De Montis Art<\/title>\n<meta name=\"description\" content=\"De Montis Art ,Impulsion artisanale,\" \/>\n<meta name=\"robots\" content=\"index, follow, max-snippet:-1, max-image-preview:large, max-video-preview:-1\" \/>\n<link rel=\"canonical\" href=\"https:\/\/demontisart.com\/?page_id=159\" \/>\n<meta property=\"og:locale\" content=\"fr_FR\" \/>\n<meta property=\"og:type\" content=\"article\" \/>\n<meta property=\"og:title\" content=\"L&#039;\u00e2me des lames - De Montis Art\" \/>\n<meta property=\"og:description\" content=\"De Montis Art ,Impulsion artisanale,\" \/>\n<meta property=\"og:url\" content=\"https:\/\/demontisart.com\/?page_id=159\" \/>\n<meta property=\"og:site_name\" content=\"De Montis Art\" \/>\n<meta property=\"article:modified_time\" content=\"2024-12-14T17:07:11+00:00\" \/>\n<meta property=\"og:image\" content=\"https:\/\/demontisart.com\/wp-content\/uploads\/2024\/10\/COPIE-1.jpg\" \/>\n\t<meta property=\"og:image:width\" content=\"1600\" \/>\n\t<meta property=\"og:image:height\" content=\"1131\" \/>\n\t<meta property=\"og:image:type\" content=\"image\/jpeg\" \/>\n<meta name=\"twitter:card\" content=\"summary_large_image\" \/>\n<meta name=\"twitter:label1\" content=\"Dur\u00e9e de lecture estim\u00e9e\" \/>\n\t<meta name=\"twitter:data1\" content=\"1 minute\" \/>\n<script type=\"application\/ld+json\" class=\"yoast-schema-graph\">{\"@context\":\"https:\\\/\\\/schema.org\",\"@graph\":[{\"@type\":\"WebPage\",\"@id\":\"https:\\\/\\\/demontisart.com\\\/?page_id=159\",\"url\":\"https:\\\/\\\/demontisart.com\\\/?page_id=159\",\"name\":\"L'\u00e2me des lames - De Montis Art\",\"isPartOf\":{\"@id\":\"https:\\\/\\\/demontisart.com\\\/#website\"},\"primaryImageOfPage\":{\"@id\":\"https:\\\/\\\/demontisart.com\\\/?page_id=159#primaryimage\"},\"image\":{\"@id\":\"https:\\\/\\\/demontisart.com\\\/?page_id=159#primaryimage\"},\"thumbnailUrl\":\"https:\\\/\\\/demontisart.com\\\/wp-content\\\/uploads\\\/2024\\\/10\\\/COPIE-1-300x212.jpg\",\"datePublished\":\"2024-09-26T10:17:49+00:00\",\"dateModified\":\"2024-12-14T17:07:11+00:00\",\"description\":\"De Montis Art ,Impulsion artisanale,\",\"breadcrumb\":{\"@id\":\"https:\\\/\\\/demontisart.com\\\/?page_id=159#breadcrumb\"},\"inLanguage\":\"fr-FR\",\"potentialAction\":[{\"@type\":\"ReadAction\",\"target\":[\"https:\\\/\\\/demontisart.com\\\/?page_id=159\"]}]},{\"@type\":\"ImageObject\",\"inLanguage\":\"fr-FR\",\"@id\":\"https:\\\/\\\/demontisart.com\\\/?page_id=159#primaryimage\",\"url\":\"https:\\\/\\\/demontisart.com\\\/wp-content\\\/uploads\\\/2024\\\/10\\\/COPIE-1.jpg\",\"contentUrl\":\"https:\\\/\\\/demontisart.com\\\/wp-content\\\/uploads\\\/2024\\\/10\\\/COPIE-1.jpg\",\"width\":1600,\"height\":1131},{\"@type\":\"BreadcrumbList\",\"@id\":\"https:\\\/\\\/demontisart.com\\\/?page_id=159#breadcrumb\",\"itemListElement\":[{\"@type\":\"ListItem\",\"position\":1,\"name\":\"Home\",\"item\":\"https:\\\/\\\/demontisart.com\\\/\"},{\"@type\":\"ListItem\",\"position\":2,\"name\":\"L&rsquo;\u00e2me des lames\"}]},{\"@type\":\"WebSite\",\"@id\":\"https:\\\/\\\/demontisart.com\\\/#website\",\"url\":\"https:\\\/\\\/demontisart.com\\\/\",\"name\":\"De Montis Art\",\"description\":\"L&#039;impulsion artisanale\",\"publisher\":{\"@id\":\"https:\\\/\\\/demontisart.com\\\/#organization\"},\"potentialAction\":[{\"@type\":\"SearchAction\",\"target\":{\"@type\":\"EntryPoint\",\"urlTemplate\":\"https:\\\/\\\/demontisart.com\\\/?s={search_term_string}\"},\"query-input\":{\"@type\":\"PropertyValueSpecification\",\"valueRequired\":true,\"valueName\":\"search_term_string\"}}],\"inLanguage\":\"fr-FR\"},{\"@type\":\"Organization\",\"@id\":\"https:\\\/\\\/demontisart.com\\\/#organization\",\"name\":\"De Montis Art\",\"url\":\"https:\\\/\\\/demontisart.com\\\/\",\"logo\":{\"@type\":\"ImageObject\",\"inLanguage\":\"fr-FR\",\"@id\":\"https:\\\/\\\/demontisart.com\\\/#\\\/schema\\\/logo\\\/image\\\/\",\"url\":\"https:\\\/\\\/demontisart.com\\\/wp-content\\\/uploads\\\/2024\\\/07\\\/cropped-cropped-30b245bf-a799-4aa7-8646-c5beff51c256-5.jpg\",\"contentUrl\":\"https:\\\/\\\/demontisart.com\\\/wp-content\\\/uploads\\\/2024\\\/07\\\/cropped-cropped-30b245bf-a799-4aa7-8646-c5beff51c256-5.jpg\",\"width\":2000,\"height\":452,\"caption\":\"De Montis Art\"},\"image\":{\"@id\":\"https:\\\/\\\/demontisart.com\\\/#\\\/schema\\\/logo\\\/image\\\/\"}}]}<\/script>\n<!-- \/ Yoast SEO plugin. -->","yoast_head_json":{"title":"L'\u00e2me des lames - De Montis Art","description":"De Montis Art ,Impulsion artisanale,","robots":{"index":"index","follow":"follow","max-snippet":"max-snippet:-1","max-image-preview":"max-image-preview:large","max-video-preview":"max-video-preview:-1"},"canonical":"https:\/\/demontisart.com\/?page_id=159","og_locale":"fr_FR","og_type":"article","og_title":"L'\u00e2me des lames - De Montis Art","og_description":"De Montis Art ,Impulsion artisanale,","og_url":"https:\/\/demontisart.com\/?page_id=159","og_site_name":"De Montis Art","article_modified_time":"2024-12-14T17:07:11+00:00","og_image":[{"width":1600,"height":1131,"url":"https:\/\/demontisart.com\/wp-content\/uploads\/2024\/10\/COPIE-1.jpg","type":"image\/jpeg"}],"twitter_card":"summary_large_image","twitter_misc":{"Dur\u00e9e de lecture estim\u00e9e":"1 minute"},"schema":{"@context":"https:\/\/schema.org","@graph":[{"@type":"WebPage","@id":"https:\/\/demontisart.com\/?page_id=159","url":"https:\/\/demontisart.com\/?page_id=159","name":"L'\u00e2me des lames - De Montis Art","isPartOf":{"@id":"https:\/\/demontisart.com\/#website"},"primaryImageOfPage":{"@id":"https:\/\/demontisart.com\/?page_id=159#primaryimage"},"image":{"@id":"https:\/\/demontisart.com\/?page_id=159#primaryimage"},"thumbnailUrl":"https:\/\/demontisart.com\/wp-content\/uploads\/2024\/10\/COPIE-1-300x212.jpg","datePublished":"2024-09-26T10:17:49+00:00","dateModified":"2024-12-14T17:07:11+00:00","description":"De Montis Art ,Impulsion artisanale,","breadcrumb":{"@id":"https:\/\/demontisart.com\/?page_id=159#breadcrumb"},"inLanguage":"fr-FR","potentialAction":[{"@type":"ReadAction","target":["https:\/\/demontisart.com\/?page_id=159"]}]},{"@type":"ImageObject","inLanguage":"fr-FR","@id":"https:\/\/demontisart.com\/?page_id=159#primaryimage","url":"https:\/\/demontisart.com\/wp-content\/uploads\/2024\/10\/COPIE-1.jpg","contentUrl":"https:\/\/demontisart.com\/wp-content\/uploads\/2024\/10\/COPIE-1.jpg","width":1600,"height":1131},{"@type":"BreadcrumbList","@id":"https:\/\/demontisart.com\/?page_id=159#breadcrumb","itemListElement":[{"@type":"ListItem","position":1,"name":"Home","item":"https:\/\/demontisart.com\/"},{"@type":"ListItem","position":2,"name":"L&rsquo;\u00e2me des lames"}]},{"@type":"WebSite","@id":"https:\/\/demontisart.com\/#website","url":"https:\/\/demontisart.com\/","name":"De Montis Art","description":"L&#039;impulsion artisanale","publisher":{"@id":"https:\/\/demontisart.com\/#organization"},"potentialAction":[{"@type":"SearchAction","target":{"@type":"EntryPoint","urlTemplate":"https:\/\/demontisart.com\/?s={search_term_string}"},"query-input":{"@type":"PropertyValueSpecification","valueRequired":true,"valueName":"search_term_string"}}],"inLanguage":"fr-FR"},{"@type":"Organization","@id":"https:\/\/demontisart.com\/#organization","name":"De Montis Art","url":"https:\/\/demontisart.com\/","logo":{"@type":"ImageObject","inLanguage":"fr-FR","@id":"https:\/\/demontisart.com\/#\/schema\/logo\/image\/","url":"https:\/\/demontisart.com\/wp-content\/uploads\/2024\/07\/cropped-cropped-30b245bf-a799-4aa7-8646-c5beff51c256-5.jpg","contentUrl":"https:\/\/demontisart.com\/wp-content\/uploads\/2024\/07\/cropped-cropped-30b245bf-a799-4aa7-8646-c5beff51c256-5.jpg","width":2000,"height":452,"caption":"De Montis Art"},"image":{"@id":"https:\/\/demontisart.com\/#\/schema\/logo\/image\/"}}]}},"_links":{"self":[{"href":"https:\/\/demontisart.com\/index.php?rest_route=\/wp\/v2\/pages\/159","targetHints":{"allow":["GET"]}}],"collection":[{"href":"https:\/\/demontisart.com\/index.php?rest_route=\/wp\/v2\/pages"}],"about":[{"href":"https:\/\/demontisart.com\/index.php?rest_route=\/wp\/v2\/types\/page"}],"author":[{"embeddable":true,"href":"https:\/\/demontisart.com\/index.php?rest_route=\/wp\/v2\/users\/1"}],"replies":[{"embeddable":true,"href":"https:\/\/demontisart.com\/index.php?rest_route=%2Fwp%2Fv2%2Fcomments&post=159"}],"version-history":[{"count":23,"href":"https:\/\/demontisart.com\/index.php?rest_route=\/wp\/v2\/pages\/159\/revisions"}],"predecessor-version":[{"id":453,"href":"https:\/\/demontisart.com\/index.php?rest_route=\/wp\/v2\/pages\/159\/revisions\/453"}],"wp:attachment":[{"href":"https:\/\/demontisart.com\/index.php?rest_route=%2Fwp%2Fv2%2Fmedia&parent=159"}],"curies":[{"name":"wp","href":"https:\/\/api.w.org\/{rel}","templated":true}]}}