{"id":59,"date":"2024-09-24T13:57:06","date_gmt":"2024-09-24T11:57:06","guid":{"rendered":"https:\/\/demontisart.com\/home\/"},"modified":"2024-12-13T16:16:31","modified_gmt":"2024-12-13T15:16:31","slug":"de-montis-art","status":"publish","type":"page","link":"https:\/\/demontisart.com\/","title":{"rendered":"MENU"},"content":{"rendered":"\n<p><strong>N\u00e9 d&rsquo;un souhait de revaloriser le secteur des m\u00e9tiers d&rsquo;art et de promouvoir le travail des artisans, De Montis Art vient refl\u00e9ter passions, dons et cr\u00e9ations telle une galerie exposant des \u0153uvres au niveau national et international.<\/strong><\/p>\n\n\n\n<p><strong>Ici vous pourrez communiquer, \u00e9changer directement avec les artisans et acqu\u00e9rir l&rsquo;une de leur r\u00e9alisation via un espace vente d\u00e9di\u00e9e.<\/strong><\/p>\n\n\n\n<p class=\"has-text-align-left\"><strong>DMA est aussi un support de communication multiple : presse, articles, manifestations, infos&#8230; permettant aux artistes r\u00e9sidents une plus large ouverture sur le monde ext\u00e9rieur.<\/strong><\/p>\n\n\n\n<p><\/p>\n","protected":false},"excerpt":{"rendered":"<p>N\u00e9 d&rsquo;un souhait de revaloriser le secteur des m\u00e9tiers d&rsquo;art et de promouvoir le travail des artisans, De Montis Art vient refl\u00e9ter passions, dons et cr\u00e9ations telle une galerie exposant des \u0153uvres au niveau national et international. Ici vous pourrez communiquer, \u00e9changer directement avec les artisans et acqu\u00e9rir l&rsquo;une de leur r\u00e9alisation via un espace [&hellip;]<\/p>\n","protected":false},"author":1,"featured_media":0,"parent":0,"menu_order":0,"comment_status":"closed","ping_status":"closed","template":"templates\/template-homepage.php","meta":{"_eb_attr":"","footnotes":""},"class_list":["post-59","page","type-page","status-publish","hentry"],"yoast_head":"<!-- This site is optimized with the Yoast SEO plugin v27.4 - https:\/\/yoast.com\/product\/yoast-seo-wordpress\/ -->\n<title>De Montis Art<\/title>\n<meta name=\"description\" content=\"De Montis Art ,Impulsion artisanale, Contacte, Artisan .\" \/>\n<meta name=\"robots\" content=\"index, follow, max-snippet:-1, max-video-preview:-1, noimageindex\" \/>\n<link rel=\"canonical\" href=\"https:\/\/demontisart.com\/\" \/>\n<meta property=\"og:locale\" content=\"fr_FR\" \/>\n<meta property=\"og:type\" content=\"article\" \/>\n<meta property=\"og:title\" content=\"De Montis Art\" \/>\n<meta property=\"og:description\" content=\"De Montis Art ,Impulsion artisanale, Contacte, Artisan .\" \/>\n<meta property=\"og:url\" content=\"https:\/\/demontisart.com\/\" \/>\n<meta property=\"og:site_name\" content=\"De Montis Art\" \/>\n<meta property=\"article:modified_time\" content=\"2024-12-13T15:16:31+00:00\" \/>\n<meta property=\"og:image\" content=\"https:\/\/demontisart.com\/wp-content\/uploads\/2024\/07\/cropped-cropped-30b245bf-a799-4aa7-8646-c5beff51c256-5.jpg\" \/>\n\t<meta property=\"og:image:width\" content=\"2000\" \/>\n\t<meta property=\"og:image:height\" content=\"452\" \/>\n\t<meta property=\"og:image:type\" content=\"image\/jpeg\" \/>\n<meta name=\"twitter:card\" content=\"summary_large_image\" \/>\n<meta name=\"twitter:label1\" content=\"Dur\u00e9e de lecture estim\u00e9e\" \/>\n\t<meta name=\"twitter:data1\" content=\"1 minute\" \/>\n<script type=\"application\/ld+json\" class=\"yoast-schema-graph\">{\"@context\":\"https:\\\/\\\/schema.org\",\"@graph\":[{\"@type\":\"WebPage\",\"@id\":\"https:\\\/\\\/demontisart.com\\\/\",\"url\":\"https:\\\/\\\/demontisart.com\\\/\",\"name\":\"De Montis Art\",\"isPartOf\":{\"@id\":\"https:\\\/\\\/demontisart.com\\\/#website\"},\"datePublished\":\"2024-09-24T11:57:06+00:00\",\"dateModified\":\"2024-12-13T15:16:31+00:00\",\"description\":\"De Montis Art ,Impulsion artisanale, Contacte, Artisan .\",\"breadcrumb\":{\"@id\":\"https:\\\/\\\/demontisart.com\\\/#breadcrumb\"},\"inLanguage\":\"fr-FR\",\"potentialAction\":[{\"@type\":\"ReadAction\",\"target\":[\"https:\\\/\\\/demontisart.com\\\/\"]}]},{\"@type\":\"BreadcrumbList\",\"@id\":\"https:\\\/\\\/demontisart.com\\\/#breadcrumb\",\"itemListElement\":[{\"@type\":\"ListItem\",\"position\":1,\"name\":\"Home\",\"item\":\"https:\\\/\\\/demontisart.com\\\/\"},{\"@type\":\"ListItem\",\"position\":2,\"name\":\"MENU\"}]},{\"@type\":\"WebSite\",\"@id\":\"https:\\\/\\\/demontisart.com\\\/#website\",\"url\":\"https:\\\/\\\/demontisart.com\\\/\",\"name\":\"De Montis Art\",\"description\":\"L&#039;impulsion artisanale\",\"publisher\":{\"@id\":\"https:\\\/\\\/demontisart.com\\\/#organization\"},\"potentialAction\":[{\"@type\":\"SearchAction\",\"target\":{\"@type\":\"EntryPoint\",\"urlTemplate\":\"https:\\\/\\\/demontisart.com\\\/?s={search_term_string}\"},\"query-input\":{\"@type\":\"PropertyValueSpecification\",\"valueRequired\":true,\"valueName\":\"search_term_string\"}}],\"inLanguage\":\"fr-FR\"},{\"@type\":\"Organization\",\"@id\":\"https:\\\/\\\/demontisart.com\\\/#organization\",\"name\":\"De Montis Art\",\"url\":\"https:\\\/\\\/demontisart.com\\\/\",\"logo\":{\"@type\":\"ImageObject\",\"inLanguage\":\"fr-FR\",\"@id\":\"https:\\\/\\\/demontisart.com\\\/#\\\/schema\\\/logo\\\/image\\\/\",\"url\":\"https:\\\/\\\/demontisart.com\\\/wp-content\\\/uploads\\\/2024\\\/07\\\/cropped-cropped-30b245bf-a799-4aa7-8646-c5beff51c256-5.jpg\",\"contentUrl\":\"https:\\\/\\\/demontisart.com\\\/wp-content\\\/uploads\\\/2024\\\/07\\\/cropped-cropped-30b245bf-a799-4aa7-8646-c5beff51c256-5.jpg\",\"width\":2000,\"height\":452,\"caption\":\"De Montis Art\"},\"image\":{\"@id\":\"https:\\\/\\\/demontisart.com\\\/#\\\/schema\\\/logo\\\/image\\\/\"}}]}<\/script>\n<!-- \/ Yoast SEO plugin. -->","yoast_head_json":{"title":"De Montis Art","description":"De Montis Art ,Impulsion artisanale, Contacte, Artisan .","robots":{"index":"index","follow":"follow","max-snippet":"max-snippet:-1","max-video-preview":"max-video-preview:-1","imageindex":"noimageindex"},"canonical":"https:\/\/demontisart.com\/","og_locale":"fr_FR","og_type":"article","og_title":"De Montis Art","og_description":"De Montis Art ,Impulsion artisanale, Contacte, Artisan .","og_url":"https:\/\/demontisart.com\/","og_site_name":"De Montis Art","article_modified_time":"2024-12-13T15:16:31+00:00","og_image":[{"width":2000,"height":452,"url":"https:\/\/demontisart.com\/wp-content\/uploads\/2024\/07\/cropped-cropped-30b245bf-a799-4aa7-8646-c5beff51c256-5.jpg","type":"image\/jpeg"}],"twitter_card":"summary_large_image","twitter_misc":{"Dur\u00e9e de lecture estim\u00e9e":"1 minute"},"schema":{"@context":"https:\/\/schema.org","@graph":[{"@type":"WebPage","@id":"https:\/\/demontisart.com\/","url":"https:\/\/demontisart.com\/","name":"De Montis Art","isPartOf":{"@id":"https:\/\/demontisart.com\/#website"},"datePublished":"2024-09-24T11:57:06+00:00","dateModified":"2024-12-13T15:16:31+00:00","description":"De Montis Art ,Impulsion artisanale, Contacte, Artisan .","breadcrumb":{"@id":"https:\/\/demontisart.com\/#breadcrumb"},"inLanguage":"fr-FR","potentialAction":[{"@type":"ReadAction","target":["https:\/\/demontisart.com\/"]}]},{"@type":"BreadcrumbList","@id":"https:\/\/demontisart.com\/#breadcrumb","itemListElement":[{"@type":"ListItem","position":1,"name":"Home","item":"https:\/\/demontisart.com\/"},{"@type":"ListItem","position":2,"name":"MENU"}]},{"@type":"WebSite","@id":"https:\/\/demontisart.com\/#website","url":"https:\/\/demontisart.com\/","name":"De Montis Art","description":"L&#039;impulsion artisanale","publisher":{"@id":"https:\/\/demontisart.com\/#organization"},"potentialAction":[{"@type":"SearchAction","target":{"@type":"EntryPoint","urlTemplate":"https:\/\/demontisart.com\/?s={search_term_string}"},"query-input":{"@type":"PropertyValueSpecification","valueRequired":true,"valueName":"search_term_string"}}],"inLanguage":"fr-FR"},{"@type":"Organization","@id":"https:\/\/demontisart.com\/#organization","name":"De Montis Art","url":"https:\/\/demontisart.com\/","logo":{"@type":"ImageObject","inLanguage":"fr-FR","@id":"https:\/\/demontisart.com\/#\/schema\/logo\/image\/","url":"https:\/\/demontisart.com\/wp-content\/uploads\/2024\/07\/cropped-cropped-30b245bf-a799-4aa7-8646-c5beff51c256-5.jpg","contentUrl":"https:\/\/demontisart.com\/wp-content\/uploads\/2024\/07\/cropped-cropped-30b245bf-a799-4aa7-8646-c5beff51c256-5.jpg","width":2000,"height":452,"caption":"De Montis Art"},"image":{"@id":"https:\/\/demontisart.com\/#\/schema\/logo\/image\/"}}]}},"_links":{"self":[{"href":"https:\/\/demontisart.com\/index.php?rest_route=\/wp\/v2\/pages\/59","targetHints":{"allow":["GET"]}}],"collection":[{"href":"https:\/\/demontisart.com\/index.php?rest_route=\/wp\/v2\/pages"}],"about":[{"href":"https:\/\/demontisart.com\/index.php?rest_route=\/wp\/v2\/types\/page"}],"author":[{"embeddable":true,"href":"https:\/\/demontisart.com\/index.php?rest_route=\/wp\/v2\/users\/1"}],"replies":[{"embeddable":true,"href":"https:\/\/demontisart.com\/index.php?rest_route=%2Fwp%2Fv2%2Fcomments&post=59"}],"version-history":[{"count":3,"href":"https:\/\/demontisart.com\/index.php?rest_route=\/wp\/v2\/pages\/59\/revisions"}],"predecessor-version":[{"id":337,"href":"https:\/\/demontisart.com\/index.php?rest_route=\/wp\/v2\/pages\/59\/revisions\/337"}],"wp:attachment":[{"href":"https:\/\/demontisart.com\/index.php?rest_route=%2Fwp%2Fv2%2Fmedia&parent=59"}],"curies":[{"name":"wp","href":"https:\/\/api.w.org\/{rel}","templated":true}]}}